{"id":33,"date":"2014-12-31T20:04:19","date_gmt":"2014-12-31T18:04:19","guid":{"rendered":"https:\/\/praxis-heyenbrock.de\/?page_id=33"},"modified":"2015-01-22T21:19:45","modified_gmt":"2015-01-22T19:19:45","slug":"praxis","status":"publish","type":"page","link":"https:\/\/praxis-heyenbrock.de\/JQW9vxp6_wordpress\/praxis","title":{"rendered":"Praxis"},"content":{"rendered":"<p>Die Praxis ist \u00fcber die Hauptstra\u00dfe in Heimstetten zu erreichen. Die Einfahrt zu den Parkpl\u00e4tzen ist mit einem blauen Schild bezeichnet. Darauf steht: Parkpl\u00e4tze Praxis Dr. Heyenbrock.<\/p>\n<p>Zus\u00e4tzlich kann auf der Hauptstra\u00dfe in Fahrtrichtung Norden geparkt werden. Diese Parkpl\u00e4tze stehen jedoch allen Kunden der Gesch\u00e4fte, Hotels und Praxen in der Hauptstra\u00dfe zur Verf\u00fcgung. Bitte die Parkscheibe nicht vergessen! Bei enormen Engp\u00e4ssen bez\u00fcglich der Parkpl\u00e4tze k\u00f6nnen auch die Parkpl\u00e4tze des nahe gelegenen Sportparks genutzt werden. Die Gehzeit betr\u00e4gt circa 2-4 Minuten.<\/p>\n","protected":false},"excerpt":{"rendered":"<p>Die Praxis ist \u00fcber die Hauptstra\u00dfe in Heimstetten zu erreichen. Die Einfahrt zu den Parkpl\u00e4tzen ist mit einem blauen Schild bezeichnet. Darauf steht: Parkpl\u00e4tze Praxis Dr. Heyenbrock. Zus\u00e4tzlich kann auf der Hauptstra\u00dfe in Fahrtrichtung Norden geparkt werden. Diese Parkpl\u00e4tze stehen jedoch allen Kunden der Gesch\u00e4fte, Hotels und Praxen in der Hauptstra\u00dfe zur Verf\u00fcgung. Bitte die [&hellip;]<\/p>\n","protected":false},"author":4,"featured_media":0,"parent":0,"menu_order":0,"comment_status":"closed","ping_status":"closed","template":"template-praxis.php","meta":[],"_links":{"self":[{"href":"https:\/\/praxis-heyenbrock.de\/JQW9vxp6_wordpress\/wp-json\/wp\/v2\/pages\/33"}],"collection":[{"href":"https:\/\/praxis-heyenbrock.de\/JQW9vxp6_wordpress\/wp-json\/wp\/v2\/pages"}],"about":[{"href":"https:\/\/praxis-heyenbrock.de\/JQW9vxp6_wordpress\/wp-json\/wp\/v2\/types\/page"}],"author":[{"embeddable":true,"href":"https:\/\/praxis-heyenbrock.de\/JQW9vxp6_wordpress\/wp-json\/wp\/v2\/users\/4"}],"replies":[{"embeddable":true,"href":"https:\/\/praxis-heyenbrock.de\/JQW9vxp6_wordpress\/wp-json\/wp\/v2\/comments?post=33"}],"version-history":[{"count":11,"href":"https:\/\/praxis-heyenbrock.de\/JQW9vxp6_wordpress\/wp-json\/wp\/v2\/pages\/33\/revisions"}],"predecessor-version":[{"id":126,"href":"https:\/\/praxis-heyenbrock.de\/JQW9vxp6_wordpress\/wp-json\/wp\/v2\/pages\/33\/revisions\/126"}],"wp:attachment":[{"href":"https:\/\/praxis-heyenbrock.de\/JQW9vxp6_wordpress\/wp-json\/wp\/v2\/media?parent=33"}],"curies":[{"name":"wp","href":"https:\/\/api.w.org\/{rel}","templated":true}]}}