{"id":6,"date":"2014-12-31T15:30:40","date_gmt":"2014-12-31T13:30:40","guid":{"rendered":"https:\/\/praxis-heyenbrock.de\/?page_id=6"},"modified":"2015-03-09T14:48:28","modified_gmt":"2015-03-09T12:48:28","slug":"allgemeinmedizin","status":"publish","type":"page","link":"https:\/\/praxis-heyenbrock.de\/JQW9vxp6_wordpress\/leistungen\/allgemeinmedizin","title":{"rendered":"Allgemeinmedizin"},"content":{"rendered":"<img loading=\"lazy\" class=\"alignnone size-large wp-image-46\" src=\"https:\/\/praxis-heyenbrock.de\/JQW9vxp6_wordpress\/wp-content\/uploads\/Praxis-Dr-Markus-Heyenbrock-10-2014-1-1500x681.jpg\" alt=\"Praxis Dr Markus Heyenbrock 10-2014-1\" width=\"1500\" height=\"681\" srcset=\"https:\/\/praxis-heyenbrock.de\/JQW9vxp6_wordpress\/wp-content\/uploads\/Praxis-Dr-Markus-Heyenbrock-10-2014-1-1500x681.jpg 1500w, https:\/\/praxis-heyenbrock.de\/JQW9vxp6_wordpress\/wp-content\/uploads\/Praxis-Dr-Markus-Heyenbrock-10-2014-1-375x170.jpg 375w, https:\/\/praxis-heyenbrock.de\/JQW9vxp6_wordpress\/wp-content\/uploads\/Praxis-Dr-Markus-Heyenbrock-10-2014-1-750x341.jpg 750w\" sizes=\"(max-width: 1500px) 100vw, 1500px\" \/>\n<p>Die beschriebenen Leistungen sind teilweise Bestandteil der Leistungen der gesetzlichen Krankenkassen &#8211; oftmals aber auch individuelle Wunschleistungen. Manche individuellen Therapie- und Behandlungsm\u00f6glichkeiten gehen \u00fcber eine ausreichende und wirtschaftliche Krankenversorgung hinaus und werden deshalb nicht von den gesetzlichen Krankenkassen \u00fcbernommen.<\/p>\n<h2>Unsere Leistungen<\/h2>\n<ul>\n<li>Vielf\u00e4ltige Diagnostik und Gesundheits-Check<\/li>\n<li>Laboruntersuchungen<\/li>\n<li>Herzfunktion: EKG, Belastungs-EKG, Langzeit-EKG, Langzeit-RR<\/li>\n<li>Lungenfunktion<\/li>\n<li>Ultraschalluntersuchungen der Oberbauchorgane, der Prostata und der Schilddr\u00fcse<\/li>\n<li>Ultraschalldoppler: Gef\u00e4\u00dfuntersuchung bei Durchblutungsst\u00f6rungen<\/li>\n<li>Allergie-Testungen<\/li>\n<li>H\u00f6r- und Sehtest<\/li>\n<li>Sportverletzungen<\/li>\n<li>Akute Muskel- und Skeletterkrankungen<\/li>\n<\/ul>\n<h2>Therapiema\u00dfnahmen und Therapiem\u00f6glichkeiten<\/h2>\n<ul>\n<li>Schulmedizin, Erfahrungsmedizin, Hom\u00f6opathie<\/li>\n<li>Infusionstherapie<\/li>\n<li>Planung von Rehabilitationen<\/li>\n<li>Hyposensibilisierung<\/li>\n<li>Gegensensibilisierung (Fa. Vit-Organ)<\/li>\n<li>Neuraltherapie<\/li>\n<li>Elektrotherapie<\/li>\n<li>Magnetfeldtherapie der Fa. Bemer<\/li>\n<li>Akupunktur nach Dr. Nogier<\/li>\n<li>Eigenbluttherapie nach Prof. Dr. Theurer<\/li>\n<li>Chirotherapie<\/li>\n<li>Konventionelles Taping<\/li>\n<li>K-Tape<\/li>\n<li>Wundversorgung<\/li>\n<li>Wundmanagement bei chronischen Wunden<\/li>\n<\/ul>\n<h2>Beratungen<\/h2>\n<ul>\n<li>Strukturierte Diabetiker-Schulungen\/Hypertonie-Schulung\/Asthma-Schulung<\/li>\n<li>Empfohlene Schutzimpfungen und Reiseimpfungen<\/li>\n<li>Psychosomatische Grundversorgung<\/li>\n<li>Psycho-Onkologische Gespr\u00e4chstherapie bei Tumorerkrankungen<\/li>\n<li>Angstst\u00f6rungen: Lebensbedingte Belastungsst\u00f6rungen und Reaktionen<\/li>\n<li>Sportmedizin<\/li>\n<li>Leistungsphysiologie, trainingsbegleitende Ma\u00dfnahmen<\/li>\n<li>Arbeitsmedizinische Beratung<\/li>\n<\/ul>\n<h2>Spezialit\u00e4ten<\/h2>\n<ul>\n<li>Spezielle Gesundheitsvorsorge f\u00fcr Herz und Kreislauforgane, Tumorvorsorge mittels Labormarker, VG-2000-Therapie, Muskel und Gelenke, Oberbauch, Lunge, Gef\u00e4\u00dfe<\/li>\n<li>Leistungsmedizin<\/li>\n<li>Akupunktur: Schmerz, Suchtentw\u00f6hnung, Allergie, Revitalisierung<\/li>\n<li>Stressmanagement, Biofeedback<\/li>\n<li>Immunstimulation<\/li>\n<li>Anti-Aging: Strategie gegen Alterungsproze\u00df<\/li>\n<li>Orthomolekulare-Medizin<\/li>\n<li>Tinnitus<\/li>\n<li>Verkehrsmedizinische Untersuchungen einschlie\u00dflich Sehtest<\/li>\n<\/ul>\n","protected":false},"excerpt":{"rendered":"<p>Die beschriebenen Leistungen sind teilweise Bestandteil der Leistungen der gesetzlichen Krankenkassen &#8211; oftmals aber auch individuelle Wunschleistungen. Manche individuellen Therapie- und Behandlungsm\u00f6glichkeiten gehen \u00fcber eine ausreichende und wirtschaftliche Krankenversorgung hinaus und werden deshalb nicht von den gesetzlichen Krankenkassen \u00fcbernommen. Unsere Leistungen Vielf\u00e4ltige Diagnostik und Gesundheits-Check Laboruntersuchungen Herzfunktion: EKG, Belastungs-EKG, Langzeit-EKG, Langzeit-RR Lungenfunktion Ultraschalluntersuchungen der Oberbauchorgane, [&hellip;]<\/p>\n","protected":false},"author":4,"featured_media":0,"parent":21,"menu_order":0,"comment_status":"closed","ping_status":"closed","template":"","meta":[],"_links":{"self":[{"href":"https:\/\/praxis-heyenbrock.de\/JQW9vxp6_wordpress\/wp-json\/wp\/v2\/pages\/6"}],"collection":[{"href":"https:\/\/praxis-heyenbrock.de\/JQW9vxp6_wordpress\/wp-json\/wp\/v2\/pages"}],"about":[{"href":"https:\/\/praxis-heyenbrock.de\/JQW9vxp6_wordpress\/wp-json\/wp\/v2\/types\/page"}],"author":[{"embeddable":true,"href":"https:\/\/praxis-heyenbrock.de\/JQW9vxp6_wordpress\/wp-json\/wp\/v2\/users\/4"}],"replies":[{"embeddable":true,"href":"https:\/\/praxis-heyenbrock.de\/JQW9vxp6_wordpress\/wp-json\/wp\/v2\/comments?post=6"}],"version-history":[{"count":9,"href":"https:\/\/praxis-heyenbrock.de\/JQW9vxp6_wordpress\/wp-json\/wp\/v2\/pages\/6\/revisions"}],"predecessor-version":[{"id":140,"href":"https:\/\/praxis-heyenbrock.de\/JQW9vxp6_wordpress\/wp-json\/wp\/v2\/pages\/6\/revisions\/140"}],"up":[{"embeddable":true,"href":"https:\/\/praxis-heyenbrock.de\/JQW9vxp6_wordpress\/wp-json\/wp\/v2\/pages\/21"}],"wp:attachment":[{"href":"https:\/\/praxis-heyenbrock.de\/JQW9vxp6_wordpress\/wp-json\/wp\/v2\/media?parent=6"}],"curies":[{"name":"wp","href":"https:\/\/api.w.org\/{rel}","templated":true}]}}