{"id":8,"date":"2014-12-31T15:25:56","date_gmt":"2014-12-31T13:25:56","guid":{"rendered":"https:\/\/praxis-heyenbrock.de\/?page_id=8"},"modified":"2015-01-03T14:31:33","modified_gmt":"2015-01-03T12:31:33","slug":"betriebsmedizin","status":"publish","type":"page","link":"https:\/\/praxis-heyenbrock.de\/JQW9vxp6_wordpress\/leistungen\/betriebsmedizin","title":{"rendered":"Betriebsmedizin"},"content":{"rendered":"<img loading=\"lazy\" class=\"alignnone size-large wp-image-69\" src=\"https:\/\/praxis-heyenbrock.de\/JQW9vxp6_wordpress\/wp-content\/uploads\/Praxis-Dr-Markus-Heyenbrock-10-2014-20-1500x681.jpg\" alt=\"Praxis Dr Markus Heyenbrock 10-2014-20\" width=\"1500\" height=\"681\" srcset=\"https:\/\/praxis-heyenbrock.de\/JQW9vxp6_wordpress\/wp-content\/uploads\/Praxis-Dr-Markus-Heyenbrock-10-2014-20-1500x681.jpg 1500w, https:\/\/praxis-heyenbrock.de\/JQW9vxp6_wordpress\/wp-content\/uploads\/Praxis-Dr-Markus-Heyenbrock-10-2014-20-375x170.jpg 375w, https:\/\/praxis-heyenbrock.de\/JQW9vxp6_wordpress\/wp-content\/uploads\/Praxis-Dr-Markus-Heyenbrock-10-2014-20-750x341.jpg 750w\" sizes=\"(max-width: 1500px) 100vw, 1500px\" \/>\n<p>Gesundheitsvorsorge im Betrieb: Arbeitsmedizin ist Pr\u00e4ventivmedizin, Schutz vor Arbeitsunf\u00e4llen und Sch\u00e4den durch Arbeit. Der Betriebsarzt ist \u00fcberwiegend pr\u00e4ventivmedizinisch (d.h. \u0084vorbeugend\u0093) t\u00e4tig. Er ber\u00e4t den Arbeitgeber in Fragen der Arbeitssicherheit und des Gesundheitsschutzes aller Besch\u00e4ftigten. Diese Beratung ist nach dem Arbeitssicherheitsgesetz (ASiG, UVV) vorgeschrieben und sie hilft dem Arbeitgeber seinen zahlreichen Pflichten im innerbetrieblichen Arbeitsschutz nachzukommen. Die Grundpflichten des Arbeitgebers sind im Arbeitschutzgesetz (ArbSchG) zusammengefasst.<\/p>\n<h2>Aufgaben<\/h2>\n<ul>\n<li>Vielf\u00e4ltige Diagnostik und Gesundheits-Check<\/li>\n<li>Laboruntersuchungen<\/li>\n<li>Herzfunktion: EKG, Belastungs-EKG, Langzeit-EKG, Langzeit-RR<\/li>\n<li>Lungenfunktion<\/li>\n<li>Ultraschalluntersuchungen der inneren Organe und SD<\/li>\n<li>Ultraschalldoppler: Gef\u00e4\u00dfuntersuchung bei Durchblutungsst\u00f6rungen<\/li>\n<li>Allergie-Testungen<\/li>\n<li>H\u00f6rtest<\/li>\n<li>Sehtest, Perimetrie<\/li>\n<li>Sportverletzungen<\/li>\n<li>Akute Muskel- und Skeletterkrankungen<\/li>\n<li>Untersuchungen nach Fahrerlaubnisverordnung<\/li>\n<\/ul>\n<p style=\"margin-top: 30px;\">Der Betriebsarzt ist daf\u00fcr zust\u00e4ndig, &#8230;<\/p>\n<ul>\n<li>die Arbeitsst\u00e4tten in regelm\u00e4\u00dfigen Abst\u00e4nden zu begehen, M\u00e4ngel festzustellen und diese der Firmenleitung oder der f\u00fcr den Arbeitsschutz und die Unfallverh\u00fctung verantwortlichen Person mitzuteilen<\/li>\n<li>Ma\u00dfnahmen zur Beseitigung dieser M\u00e4ngel vorzuschlagen und auf Durchf\u00fchrung der Ma\u00dfnahmen hinzuwirken<\/li>\n<li>auf die Benutzung der K\u00f6rperschutzmittel zu achten<\/li>\n<li>Ursachen von arbeitsbedingten Erkrankungen zu untersuchen und Ma\u00dfnahmen zur Verh\u00fctung dieser arbeitsbedingten Erkrankungen vorzuschlagen<\/li>\n<li>die Untersuchungsergebnisse zu erfassen und auszuwerten<\/li>\n<li>alle Besch\u00e4ftigten \u00fcber die Unfall- und Gesundheitsgefahren zu belehren, denen sie bei der Arbeit ausgesetzt sind<\/li>\n<li>bei der Schulung medizinischen Hilfspersonen und Helfern in Erster Hilfe sowie bei der Einsatzplanung mitzuwirken<\/li>\n<li>mit dem Personalrat bei der Erf\u00fcllung dieser Aufgaben zusammenzuarbeiten, insbesonders ihn \u00fcber wichtige Angelegenheiten des Gesundheitsschutzes und der Unfallverh\u00fctung zu unterrichten und auf Verlangen zu beraten<\/li>\n<li>mit der Sicherheitsfachkraft zusammenzuarbeiten, insbesondere gemeinsame Betriebsbegehungen vorzunehmen<\/li>\n<\/ul>\n<h2>Ihr Vorteil<\/h2>\n<ul>\n<li>Minimierung von Verlustzeiten durch flexible und genaue Terminierung: Die Untersuchungen finden\u00a0\u0096 je nach betrieblichen Gegebenheiten\u00a0\u0096 in der Praxis, oder in geeigneten betriebseigenen R\u00e4umlichkeiten auf dem Betriebsgel\u00e4nde statt.<\/li>\n<li>Kontinuit\u00e4t der Betreuung: Ihr Betrieb wird kontinuierlich durch denselben Betriebsarzt und seine Mitarbeiter betreut. W\u00e4hrend Urlaubs- oder Krankheitszeiten steht selbstverst\u00e4ndlich eine Vertretung zur Verf\u00fcgung.<\/li>\n<\/ul>\n<h2>Leistungen<\/h2>\n<p>Wir \u00fcbernehmen f\u00fcr Sie die betriebs\u00e4rztliche Versorgung nach dem Arbeitssicherheitsgesetz (ASiG) und den berufsgenossenschaftlichen Vorschriften (BGV):<\/p>\n<ul>\n<li>Untersuchungen nach berufsgenossenschaftlichen Grunds\u00e4tzen<\/li>\n<li>H\u00f6rtests, Sehtests, Lungenfunktions\u00fcberpr\u00fcfungen, Herz- und Kreislaufuntersuchungen, Untersuchungen nach der Strahlenschutz- bzw. R\u00f6ntgenverordnung, Laboruntersuchungen<\/li>\n<li>Organisation der Erste-Hilfe-Beratung beim Einsatz von chronisch Kranken und Schwerbehinderten<\/li>\n<li>Beratung beim Umgang mit Gefahrstoffen<\/li>\n<li>Beratung zur Pr\u00e4vention von Gesundheitsgefahren am Arbeitsplatz<\/li>\n<li>Regelm\u00e4\u00dfige Betriebsbegehungen<\/li>\n<li>Teilnahme an Arbeitsschutzausschusssitzungen<\/li>\n<li>Beratung bei Suchtproblematik<\/li>\n<li>Impfberatung bei beruflichen Auslandsaufenthalten<\/li>\n<li>Durchf\u00fchrung von BEM (Betriebliches Eingliederungsmanagement)<\/li>\n<li>Planung von Arbeitsmitteln<\/li>\n<\/ul>\n<p style=\"margin-top: 30px;\">Dar\u00fcber hinaus bieten wir weitere Zusatzleistungen an:<\/p>\n<ul>\n<li>Untersuchungen nach dem Jugendarbeitsschutzgesetz<\/li>\n<li>Einstellungsuntersuchungen<\/li>\n<li>Durchf\u00fchrung von Impfungen<\/li>\n<li>Begutachtungen<\/li>\n<li>gesetzlich vorgeschriebene Leistungsdokumentation<\/li>\n<\/ul>\n<h2>Erm\u00e4chtigungen<\/h2>\n<p>Erm\u00e4chtigungen zur Durchf\u00fchrung arbeitsmed. Vorsorgeuntersuchen nach folgenden Berufsgenossenschaftlichen Grunds\u00e4tzen liegen vor:<\/p>\n<ul>\n<li>G 2 (Blei oder seine Verbindungen &#8211; mit Ausnahme der Bleialkyle)<\/li>\n<li>G 4 (Arbeitsstoffe, die Hautkrebs hervorrufen)<\/li>\n<li>G 8 (Benzol)<\/li>\n<li>G 10 (Methanol)<\/li>\n<li>G 14 (Trichlorethylen)<\/li>\n<li>G 20 (L\u00e4rm)<\/li>\n<li>G 23 (Obstruktive Atemwegserkrankungen)<\/li>\n<li>G 24 (Hauterkrankungen &#8211; mit Ausnahme von Hautkrebs)<\/li>\n<li>G 25 (Fahr-, Steuer- und \u00dcberwachungst\u00e4tigkeiten)<\/li>\n<li>G 26 (Atemschutzger\u00e4te)<\/li>\n<li>G 27 (Isocyanate)<\/li>\n<li>G 29 (Benzolhomologe &#8211; Toluol, Xylole)<\/li>\n<li>G 32 (Cadmium oder seine Verbindungen)<\/li>\n<li>G 37 (Bildschirmarbeitspl\u00e4tze)<\/li>\n<li>G 38 (Nickel oder seine Verbindungen)<\/li>\n<li>G 39 (Schwei\u00dfrauche)<\/li>\n<li>G 41 (Arbeiten mit Absturzgefahr)<\/li>\n<li>G 42 (Infektionskrankheiten)<\/li>\n<li>G 44 (Buchen- und Eichenholzstaub)<\/li>\n<li>G 45 (Styrol)<\/li>\n<\/ul>\n","protected":false},"excerpt":{"rendered":"<p>Gesundheitsvorsorge im Betrieb: Arbeitsmedizin ist Pr\u00e4ventivmedizin, Schutz vor Arbeitsunf\u00e4llen und Sch\u00e4den durch Arbeit. Der Betriebsarzt ist \u00fcberwiegend pr\u00e4ventivmedizinisch (d.h. \u0084vorbeugend\u0093) t\u00e4tig. Er ber\u00e4t den Arbeitgeber in Fragen der Arbeitssicherheit und des Gesundheitsschutzes aller Besch\u00e4ftigten. Diese Beratung ist nach dem Arbeitssicherheitsgesetz (ASiG, UVV) vorgeschrieben und sie hilft dem Arbeitgeber seinen zahlreichen Pflichten im innerbetrieblichen Arbeitsschutz nachzukommen. [&hellip;]<\/p>\n","protected":false},"author":4,"featured_media":0,"parent":21,"menu_order":0,"comment_status":"closed","ping_status":"closed","template":"","meta":[],"_links":{"self":[{"href":"https:\/\/praxis-heyenbrock.de\/JQW9vxp6_wordpress\/wp-json\/wp\/v2\/pages\/8"}],"collection":[{"href":"https:\/\/praxis-heyenbrock.de\/JQW9vxp6_wordpress\/wp-json\/wp\/v2\/pages"}],"about":[{"href":"https:\/\/praxis-heyenbrock.de\/JQW9vxp6_wordpress\/wp-json\/wp\/v2\/types\/page"}],"author":[{"embeddable":true,"href":"https:\/\/praxis-heyenbrock.de\/JQW9vxp6_wordpress\/wp-json\/wp\/v2\/users\/4"}],"replies":[{"embeddable":true,"href":"https:\/\/praxis-heyenbrock.de\/JQW9vxp6_wordpress\/wp-json\/wp\/v2\/comments?post=8"}],"version-history":[{"count":11,"href":"https:\/\/praxis-heyenbrock.de\/JQW9vxp6_wordpress\/wp-json\/wp\/v2\/pages\/8\/revisions"}],"predecessor-version":[{"id":141,"href":"https:\/\/praxis-heyenbrock.de\/JQW9vxp6_wordpress\/wp-json\/wp\/v2\/pages\/8\/revisions\/141"}],"up":[{"embeddable":true,"href":"https:\/\/praxis-heyenbrock.de\/JQW9vxp6_wordpress\/wp-json\/wp\/v2\/pages\/21"}],"wp:attachment":[{"href":"https:\/\/praxis-heyenbrock.de\/JQW9vxp6_wordpress\/wp-json\/wp\/v2\/media?parent=8"}],"curies":[{"name":"wp","href":"https:\/\/api.w.org\/{rel}","templated":true}]}}